{"id":87,"date":"2022-08-22T08:16:26","date_gmt":"2022-08-22T08:16:26","guid":{"rendered":"https:\/\/rushan.studio\/about-us\/"},"modified":"2022-09-06T06:55:47","modified_gmt":"2022-09-06T06:55:47","slug":"about-us","status":"publish","type":"page","link":"https:\/\/rushan.studio\/et\/about-us\/","title":{"rendered":"Meist"},"content":{"rendered":"<p class=\"s6\"><span class=\"s5\">Stuudio <\/span><span class=\"s5\">on <\/span><span class=\"s5\">l<\/span><span class=\"s5\">oodu<\/span><span class=\"s5\">d <\/span><span class=\"s5\">\u00f5d<\/span><span class=\"s5\">ede<\/span> <span class=\"s5\">Rushan<\/span><span class=\"s5\">i<\/span><span class=\"s5\">an <\/span><span class=\"s5\">Tata <\/span><span class=\"s5\">ja <\/span><span class=\"s5\">Victoria<\/span><span class=\"s5\"> poolt<\/span><span class=\"s5\">, <\/span><span class=\"s5\">kellel on<\/span><span class=\"s5\"> pikaajaline kogemus edukate projektide loomisel.<\/span><\/p>\n<p class=\"s6\"><span class=\"s5\">Iga interj\u00f6\u00f6r on iga kliendi jaoks ainulaadne ruum, mis peegeldab maksimaalselt tema isikup\u00e4ra ja iseloomu. Meie t\u00f6\u00f6 p\u00f5hir\u00f5hk on luua iga\u00fche jaoks eriline ruum, seega on k\u00f5ik meie projektid ainulaadse stiiliga, mis on t\u00e4ielikult kohandatud kliendi vajadustega.<\/span><\/p>\n<p class=\"s6\"><span class=\"s5\">Loome<\/span> <span class=\"s5\">minimalistlikult<\/span> <span class=\"s5\">hubaseid<\/span> <span class=\"s5\">ruume<\/span><span class=\"s5\">, mis on <\/span><span class=\"s5\">t\u00e4idetud<\/span><span class=\"s5\">looduslike<\/span> <span class=\"s5\">materjalide<\/span><span class=\"s5\">, <\/span><span class=\"s5\">valguse<\/span><span class=\"s5\"> ja <\/span><span class=\"s5\">\u00f5huga<\/span><span class=\"s5\">, mis <\/span><span class=\"s5\">inspireerivad<\/span><span class=\"s5\"> ja on <\/span><span class=\"s5\">aktuaalsed<\/span> <span class=\"s5\">aastak\u00fcmneteks<\/span><span class=\"s5\">. <\/span><span class=\"s5\">Samuti<\/span> <span class=\"s5\">p\u00f6\u00f6rame<\/span> <span class=\"s5\">erilist<\/span> <span class=\"s5\">t\u00e4helepanu<\/span><span class=\"s5\">iga<\/span> <span class=\"s5\">ruumi<\/span> <span class=\"s5\">funktsionaalsusele<\/span><span class=\"s5\"> ja <\/span><span class=\"s5\">ergonoomikale<\/span><span class=\"s5\">, et <\/span><span class=\"s5\">iga<\/span> <span class=\"s5\">meie<\/span><span class=\"s5\">klient<\/span> <span class=\"s5\">tunneks<\/span><span class=\"s5\"> end <\/span><span class=\"s5\">selles<\/span> <span class=\"s5\">mugavalt<\/span><span class=\"s5\">.<\/span><\/p>\n<p class=\"s6\"><span class=\"s5\">Tulemus<\/span><span class=\"s5\"> on <\/span><span class=\"s5\">meie<\/span> <span class=\"s5\">jaoks<\/span> <span class=\"s5\">v\u00e4ga<\/span> <span class=\"s5\">oluline<\/span><span class=\"s5\">, <\/span><span class=\"s5\">seega<\/span> <span class=\"s5\">kontrollime<\/span> <span class=\"s5\">k\u00f5iki<\/span><span class=\"s5\">t\u00f6\u00f6etappe<\/span><span class=\"s5\"> alates <\/span><span class=\"s5\">planeeringulahenduse<\/span> <span class=\"s5\">v\u00e4ljat\u00f6\u00f6tamisest<\/span> <span class=\"s5\">kuni<\/span><span class=\"s5\">l\u00f5pliku<\/span> <span class=\"s5\">teostuseni<\/span><span class=\"s5\">. <\/span><span class=\"s5\">Meie<\/span> <span class=\"s5\">kliendid<\/span> <span class=\"s5\">saavad<\/span> <span class=\"s5\">valmis<\/span> <span class=\"s5\">elamispinna<\/span><span class=\"s5\">t\u00e4pselt<\/span> <span class=\"s5\">sellisena<\/span><span class=\"s5\">, <\/span><span class=\"s5\">nagu<\/span><span class=\"s5\"> on <\/span><span class=\"s5\">n\u00e4idatud<\/span> <span class=\"s5\">kinnitatud<\/span> <span class=\"s5\">visualisatsioonidel<\/span><span class=\"s5\">.<\/span><\/p>\n","protected":false},"excerpt":{"rendered":"<p>Stuudio on loodud \u00f5dede Rushanian Tata ja Victoria poolt, kellel on pikaajaline kogemus edukate projektide loomisel. Iga interj\u00f6\u00f6r on iga kliendi jaoks ainulaadne ruum, mis peegeldab maksimaalselt tema isikup\u00e4ra ja iseloomu. Meie t\u00f6\u00f6 p\u00f5hir\u00f5hk on luua iga\u00fche jaoks eriline ruum, seega on k\u00f5ik meie projektid ainulaadse stiiliga, mis on t\u00e4ielikult kohandatud kliendi vajadustega. Loome minimalistlikult [&hellip;]<\/p>\n","protected":false},"author":1,"featured_media":0,"parent":0,"menu_order":0,"comment_status":"closed","ping_status":"closed","template":"","meta":{"_acf_changed":false,"footnotes":""},"class_list":["post-87","page","type-page","status-publish","hentry"],"acf":[],"yoast_head":"<!-- This site is optimized with the Yoast SEO plugin v27.5 - https:\/\/yoast.com\/product\/yoast-seo-wordpress\/ -->\n<title>Meist - RUSHAN STUDIO<\/title>\n<meta name=\"robots\" content=\"index, follow, max-snippet:-1, max-image-preview:large, max-video-preview:-1\" \/>\n<link rel=\"canonical\" href=\"https:\/\/rushan.studio\/et\/about-us\/\" \/>\n<meta property=\"og:locale\" content=\"et_EE\" \/>\n<meta property=\"og:type\" content=\"article\" \/>\n<meta property=\"og:title\" content=\"Meist - RUSHAN STUDIO\" \/>\n<meta property=\"og:description\" content=\"Stuudio on loodud \u00f5dede Rushanian Tata ja Victoria poolt, kellel on pikaajaline kogemus edukate projektide loomisel. Iga interj\u00f6\u00f6r on iga kliendi jaoks ainulaadne ruum, mis peegeldab maksimaalselt tema isikup\u00e4ra ja iseloomu. Meie t\u00f6\u00f6 p\u00f5hir\u00f5hk on luua iga\u00fche jaoks eriline ruum, seega on k\u00f5ik meie projektid ainulaadse stiiliga, mis on t\u00e4ielikult kohandatud kliendi vajadustega. Loome minimalistlikult [&hellip;]\" \/>\n<meta property=\"og:url\" content=\"https:\/\/rushan.studio\/et\/about-us\/\" \/>\n<meta property=\"og:site_name\" content=\"RUSHAN STUDIO\" \/>\n<meta property=\"article:modified_time\" content=\"2022-09-06T06:55:47+00:00\" \/>\n<meta name=\"twitter:card\" content=\"summary_large_image\" \/>\n<meta name=\"twitter:label1\" content=\"Est. reading time\" \/>\n\t<meta name=\"twitter:data1\" content=\"1 minut\" \/>\n<script type=\"application\/ld+json\" class=\"yoast-schema-graph\">{\"@context\":\"https:\\\/\\\/schema.org\",\"@graph\":[{\"@type\":\"WebPage\",\"@id\":\"https:\\\/\\\/rushan.studio\\\/et\\\/about-us\\\/\",\"url\":\"https:\\\/\\\/rushan.studio\\\/et\\\/about-us\\\/\",\"name\":\"Meist - RUSHAN STUDIO\",\"isPartOf\":{\"@id\":\"https:\\\/\\\/rushan.studio\\\/#website\"},\"datePublished\":\"2022-08-22T08:16:26+00:00\",\"dateModified\":\"2022-09-06T06:55:47+00:00\",\"breadcrumb\":{\"@id\":\"https:\\\/\\\/rushan.studio\\\/et\\\/about-us\\\/#breadcrumb\"},\"inLanguage\":\"et\",\"potentialAction\":[{\"@type\":\"ReadAction\",\"target\":[\"https:\\\/\\\/rushan.studio\\\/et\\\/about-us\\\/\"]}]},{\"@type\":\"BreadcrumbList\",\"@id\":\"https:\\\/\\\/rushan.studio\\\/et\\\/about-us\\\/#breadcrumb\",\"itemListElement\":[{\"@type\":\"ListItem\",\"position\":1,\"name\":\"Home\",\"item\":\"https:\\\/\\\/rushan.studio\\\/\"},{\"@type\":\"ListItem\",\"position\":2,\"name\":\"Meist\"}]},{\"@type\":\"WebSite\",\"@id\":\"https:\\\/\\\/rushan.studio\\\/#website\",\"url\":\"https:\\\/\\\/rushan.studio\\\/\",\"name\":\"RUSHAN STUDIO\",\"description\":\"\",\"publisher\":{\"@id\":\"https:\\\/\\\/rushan.studio\\\/#organization\"},\"potentialAction\":[{\"@type\":\"SearchAction\",\"target\":{\"@type\":\"EntryPoint\",\"urlTemplate\":\"https:\\\/\\\/rushan.studio\\\/?s={search_term_string}\"},\"query-input\":{\"@type\":\"PropertyValueSpecification\",\"valueRequired\":true,\"valueName\":\"search_term_string\"}}],\"inLanguage\":\"et\"},{\"@type\":\"Organization\",\"@id\":\"https:\\\/\\\/rushan.studio\\\/#organization\",\"name\":\"RUSHAN STUDIO\",\"url\":\"https:\\\/\\\/rushan.studio\\\/\",\"logo\":{\"@type\":\"ImageObject\",\"inLanguage\":\"et\",\"@id\":\"https:\\\/\\\/rushan.studio\\\/#\\\/schema\\\/logo\\\/image\\\/\",\"url\":\"https:\\\/\\\/rushan.studio\\\/wp-content\\\/uploads\\\/2023\\\/12\\\/cropped-3-scaled-7.jpg\",\"contentUrl\":\"https:\\\/\\\/rushan.studio\\\/wp-content\\\/uploads\\\/2023\\\/12\\\/cropped-3-scaled-7.jpg\",\"width\":2560,\"height\":2560,\"caption\":\"RUSHAN STUDIO\"},\"image\":{\"@id\":\"https:\\\/\\\/rushan.studio\\\/#\\\/schema\\\/logo\\\/image\\\/\"}}]}<\/script>\n<!-- \/ Yoast SEO plugin. -->","yoast_head_json":{"title":"Meist - RUSHAN STUDIO","robots":{"index":"index","follow":"follow","max-snippet":"max-snippet:-1","max-image-preview":"max-image-preview:large","max-video-preview":"max-video-preview:-1"},"canonical":"https:\/\/rushan.studio\/et\/about-us\/","og_locale":"et_EE","og_type":"article","og_title":"Meist - RUSHAN STUDIO","og_description":"Stuudio on loodud \u00f5dede Rushanian Tata ja Victoria poolt, kellel on pikaajaline kogemus edukate projektide loomisel. Iga interj\u00f6\u00f6r on iga kliendi jaoks ainulaadne ruum, mis peegeldab maksimaalselt tema isikup\u00e4ra ja iseloomu. Meie t\u00f6\u00f6 p\u00f5hir\u00f5hk on luua iga\u00fche jaoks eriline ruum, seega on k\u00f5ik meie projektid ainulaadse stiiliga, mis on t\u00e4ielikult kohandatud kliendi vajadustega. Loome minimalistlikult [&hellip;]","og_url":"https:\/\/rushan.studio\/et\/about-us\/","og_site_name":"RUSHAN STUDIO","article_modified_time":"2022-09-06T06:55:47+00:00","twitter_card":"summary_large_image","twitter_misc":{"Est. reading time":"1 minut"},"schema":{"@context":"https:\/\/schema.org","@graph":[{"@type":"WebPage","@id":"https:\/\/rushan.studio\/et\/about-us\/","url":"https:\/\/rushan.studio\/et\/about-us\/","name":"Meist - RUSHAN STUDIO","isPartOf":{"@id":"https:\/\/rushan.studio\/#website"},"datePublished":"2022-08-22T08:16:26+00:00","dateModified":"2022-09-06T06:55:47+00:00","breadcrumb":{"@id":"https:\/\/rushan.studio\/et\/about-us\/#breadcrumb"},"inLanguage":"et","potentialAction":[{"@type":"ReadAction","target":["https:\/\/rushan.studio\/et\/about-us\/"]}]},{"@type":"BreadcrumbList","@id":"https:\/\/rushan.studio\/et\/about-us\/#breadcrumb","itemListElement":[{"@type":"ListItem","position":1,"name":"Home","item":"https:\/\/rushan.studio\/"},{"@type":"ListItem","position":2,"name":"Meist"}]},{"@type":"WebSite","@id":"https:\/\/rushan.studio\/#website","url":"https:\/\/rushan.studio\/","name":"RUSHAN STUDIO","description":"","publisher":{"@id":"https:\/\/rushan.studio\/#organization"},"potentialAction":[{"@type":"SearchAction","target":{"@type":"EntryPoint","urlTemplate":"https:\/\/rushan.studio\/?s={search_term_string}"},"query-input":{"@type":"PropertyValueSpecification","valueRequired":true,"valueName":"search_term_string"}}],"inLanguage":"et"},{"@type":"Organization","@id":"https:\/\/rushan.studio\/#organization","name":"RUSHAN STUDIO","url":"https:\/\/rushan.studio\/","logo":{"@type":"ImageObject","inLanguage":"et","@id":"https:\/\/rushan.studio\/#\/schema\/logo\/image\/","url":"https:\/\/rushan.studio\/wp-content\/uploads\/2023\/12\/cropped-3-scaled-7.jpg","contentUrl":"https:\/\/rushan.studio\/wp-content\/uploads\/2023\/12\/cropped-3-scaled-7.jpg","width":2560,"height":2560,"caption":"RUSHAN STUDIO"},"image":{"@id":"https:\/\/rushan.studio\/#\/schema\/logo\/image\/"}}]}},"_links":{"self":[{"href":"https:\/\/rushan.studio\/et\/wp-json\/wp\/v2\/pages\/87","targetHints":{"allow":["GET"]}}],"collection":[{"href":"https:\/\/rushan.studio\/et\/wp-json\/wp\/v2\/pages"}],"about":[{"href":"https:\/\/rushan.studio\/et\/wp-json\/wp\/v2\/types\/page"}],"author":[{"embeddable":true,"href":"https:\/\/rushan.studio\/et\/wp-json\/wp\/v2\/users\/1"}],"replies":[{"embeddable":true,"href":"https:\/\/rushan.studio\/et\/wp-json\/wp\/v2\/comments?post=87"}],"version-history":[{"count":1,"href":"https:\/\/rushan.studio\/et\/wp-json\/wp\/v2\/pages\/87\/revisions"}],"predecessor-version":[{"id":89,"href":"https:\/\/rushan.studio\/et\/wp-json\/wp\/v2\/pages\/87\/revisions\/89"}],"wp:attachment":[{"href":"https:\/\/rushan.studio\/et\/wp-json\/wp\/v2\/media?parent=87"}],"curies":[{"name":"wp","href":"https:\/\/api.w.org\/{rel}","templated":true}]}}